{"id":1993,"date":"2024-09-25T17:41:14","date_gmt":"2024-09-25T17:41:14","guid":{"rendered":"https:\/\/hormonavida.com\/descargo-de-responsabilidad\/"},"modified":"2025-02-10T17:21:02","modified_gmt":"2025-02-10T17:21:02","slug":"descargo-de-responsabilidad","status":"publish","type":"page","link":"https:\/\/hormonavida.com\/es\/descargo-de-responsabilidad\/","title":{"rendered":"Descargo de responsabilidad"},"content":{"rendered":"<div class=\"terms-hm\">\n<h2>Descargo de responsabilidad del sitio web de medicina funcional<\/h2>\n<p><span style=\"font-weight: 400;\">Los contenidos de este sitio web, tales como textos, gr\u00e1ficos, im\u00e1genes y otros materiales contenidos en este sitio web (\u00abContenido\u00bb) tienen \u00fanicamente fines informativos.<br \/>\nEl Contenido no pretende sustituir el consejo, diagn\u00f3stico o tratamiento m\u00e9dico profesional.<br \/>\nBusca siempre el consejo de tu m\u00e9dico o de otro profesional sanitario cualificado ante cualquier duda que puedas tener sobre una afecci\u00f3n m\u00e9dica.<br \/>\nNunca desprecies el consejo m\u00e9dico profesional ni te demores en buscarlo por algo que hayas le\u00eddo en este sitio web.<br \/>\nLa informaci\u00f3n relacionada con la salud cambia con frecuencia y, por lo tanto, el Contenido de este sitio web puede estar desactualizado, incompleto o ser incorrecto.<br \/>\nNo asumimos ninguna responsabilidad por la informaci\u00f3n contenida o a la que se hace referencia en este sitio web y no ofrecemos garant\u00edas ni declaraciones expresas o impl\u00edcitas de ning\u00fan tipo sobre la exactitud, integridad, actualidad o utilidad de la informaci\u00f3n contenida o a la que se hace referencia en este sitio web. <\/span><\/p>\n<p><span style=\"font-weight: 400;\">Los resultados var\u00edan de un paciente a otro.<br \/>\nNo se dar\u00e1n recetas ni tratamientos a menos que exista una necesidad cl\u00ednica basada en un examen realizado por el m\u00e9dico.<br \/>\nCualquier rese\u00f1a u otro material que pueda considerarse un testimonio o aval no constituye una garant\u00eda, aval ni predicci\u00f3n sobre el resultado de ninguna consulta.<br \/>\nLos testimonios de este sitio web representan la experiencia anecd\u00f3tica de consumidores individuales. <\/span><\/p>\n<p><span style=\"font-weight: 400;\">El uso de este sitio web est\u00e1 sujeto a nuestras <a href=\"https:\/\/hormonavida.com\/es\/terminos-generales\/\">Condiciones Generales<\/a> y <a href=\"https:\/\/hormonavida.com\/es\/politica-de-privacidad\/\">Pol\u00edtica de Privacidad<\/a>.<\/span><\/p>\n<\/div>\n","protected":false},"excerpt":{"rendered":"<p>Descargo de responsabilidad del sitio web de medicina funcional Los contenidos de este sitio web, tales como textos, gr\u00e1ficos, im\u00e1genes y otros materiales contenidos en este sitio web (\u00abContenido\u00bb) tienen \u00fanicamente fines informativos. El Contenido no pretende sustituir el consejo, diagn\u00f3stico o tratamiento m\u00e9dico profesional. Busca siempre el consejo de tu m\u00e9dico o de otro profesional sanitario cualificado ante cualquier&hellip;<\/p>\n","protected":false},"author":990002,"featured_media":0,"parent":0,"menu_order":0,"comment_status":"closed","ping_status":"closed","template":"","meta":{"footnotes":""},"class_list":["post-1993","page","type-page","status-publish","hentry"],"yoast_head":"<!-- This site is optimized with the Yoast SEO plugin v27.4 - https:\/\/yoast.com\/product\/yoast-seo-wordpress\/ -->\n<title>Descargo de Responsabilidad | Hormona Vida<\/title>\n<meta name=\"description\" content=\"Los contenidos de este sitio web, tales como textos, gr\u00e1ficos, im\u00e1genes y otros materiales contenidos en este sitio web tienen \u00fanicamente fines informativos.\" \/>\n<meta name=\"robots\" content=\"index, follow, max-snippet:-1, max-image-preview:large, max-video-preview:-1\" \/>\n<link rel=\"canonical\" href=\"https:\/\/hormonavida.com\/es\/descargo-de-responsabilidad\/\" \/>\n<meta property=\"og:locale\" content=\"es_ES\" \/>\n<meta property=\"og:type\" content=\"article\" \/>\n<meta property=\"og:title\" content=\"Descargo de Responsabilidad | Hormona Vida\" \/>\n<meta property=\"og:description\" content=\"Los contenidos de este sitio web, tales como textos, gr\u00e1ficos, im\u00e1genes y otros materiales contenidos en este sitio web tienen \u00fanicamente fines informativos.\" \/>\n<meta property=\"og:url\" content=\"https:\/\/hormonavida.com\/es\/descargo-de-responsabilidad\/\" \/>\n<meta property=\"og:site_name\" content=\"Hormona Vida BHRT in Florida Hormone Optimization\" \/>\n<meta property=\"article:publisher\" content=\"https:\/\/www.facebook.com\/people\/Hormona-Vida\/61565322517754\/\" \/>\n<meta property=\"article:modified_time\" content=\"2025-02-10T17:21:02+00:00\" \/>\n<meta name=\"twitter:card\" content=\"summary_large_image\" \/>\n<meta name=\"twitter:label1\" content=\"Tiempo de lectura\" \/>\n\t<meta name=\"twitter:data1\" content=\"2 minutos\" \/>\n<script type=\"application\/ld+json\" class=\"yoast-schema-graph\">{\"@context\":\"https:\\\/\\\/schema.org\",\"@graph\":[{\"@type\":\"Article\",\"@id\":\"https:\\\/\\\/hormonavida.com\\\/es\\\/descargo-de-responsabilidad\\\/#article\",\"isPartOf\":{\"@id\":\"https:\\\/\\\/hormonavida.com\\\/es\\\/descargo-de-responsabilidad\\\/\"},\"author\":{\"name\":\"Admin\",\"@id\":\"https:\\\/\\\/hormonavida.com\\\/es\\\/#\\\/schema\\\/person\\\/4b1a53711ad33c17cde6eb690a0094fd\"},\"headline\":\"Descargo de responsabilidad\",\"datePublished\":\"2024-09-25T17:41:14+00:00\",\"dateModified\":\"2025-02-10T17:21:02+00:00\",\"mainEntityOfPage\":{\"@id\":\"https:\\\/\\\/hormonavida.com\\\/es\\\/descargo-de-responsabilidad\\\/\"},\"wordCount\":277,\"publisher\":{\"@id\":\"https:\\\/\\\/hormonavida.com\\\/es\\\/#organization\"},\"inLanguage\":\"es\"},{\"@type\":\"WebPage\",\"@id\":\"https:\\\/\\\/hormonavida.com\\\/es\\\/descargo-de-responsabilidad\\\/\",\"url\":\"https:\\\/\\\/hormonavida.com\\\/es\\\/descargo-de-responsabilidad\\\/\",\"name\":\"Descargo de Responsabilidad | Hormona Vida\",\"isPartOf\":{\"@id\":\"https:\\\/\\\/hormonavida.com\\\/es\\\/#website\"},\"datePublished\":\"2024-09-25T17:41:14+00:00\",\"dateModified\":\"2025-02-10T17:21:02+00:00\",\"description\":\"Los contenidos de este sitio web, tales como textos, gr\u00e1ficos, im\u00e1genes y otros materiales contenidos en este sitio web tienen \u00fanicamente fines informativos.\",\"breadcrumb\":{\"@id\":\"https:\\\/\\\/hormonavida.com\\\/es\\\/descargo-de-responsabilidad\\\/#breadcrumb\"},\"inLanguage\":\"es\",\"potentialAction\":[{\"@type\":\"ReadAction\",\"target\":[\"https:\\\/\\\/hormonavida.com\\\/es\\\/descargo-de-responsabilidad\\\/\"]}]},{\"@type\":\"BreadcrumbList\",\"@id\":\"https:\\\/\\\/hormonavida.com\\\/es\\\/descargo-de-responsabilidad\\\/#breadcrumb\",\"itemListElement\":[{\"@type\":\"ListItem\",\"position\":1,\"name\":\"Home\",\"item\":\"https:\\\/\\\/hormonavida.com\\\/es\\\/\"},{\"@type\":\"ListItem\",\"position\":2,\"name\":\"Descargo de responsabilidad\"}]},{\"@type\":\"WebSite\",\"@id\":\"https:\\\/\\\/hormonavida.com\\\/es\\\/#website\",\"url\":\"https:\\\/\\\/hormonavida.com\\\/es\\\/\",\"name\":\"Hormona Vida \u2013 Hormone Optimization, BHRT Therapy\",\"description\":\"Hormona Vida &ndash; Hormone Optimization, BHRT Therapy\",\"publisher\":{\"@id\":\"https:\\\/\\\/hormonavida.com\\\/es\\\/#organization\"},\"alternateName\":\"Hormona Vida \u2013 Hormone Optimization, BHRT Therapy\",\"potentialAction\":[{\"@type\":\"SearchAction\",\"target\":{\"@type\":\"EntryPoint\",\"urlTemplate\":\"https:\\\/\\\/hormonavida.com\\\/es\\\/?s={search_term_string}\"},\"query-input\":{\"@type\":\"PropertyValueSpecification\",\"valueRequired\":true,\"valueName\":\"search_term_string\"}}],\"inLanguage\":\"es\"},{\"@type\":\"Organization\",\"@id\":\"https:\\\/\\\/hormonavida.com\\\/es\\\/#organization\",\"name\":\"Hormona Vida \u2013 Hormone Optimization, BHRT Therapy in Florida\",\"alternateName\":\"Hormona Vida \u2013 Hormone Optimization, BHRT Therapy in Florida\",\"url\":\"https:\\\/\\\/hormonavida.com\\\/es\\\/\",\"logo\":{\"@type\":\"ImageObject\",\"inLanguage\":\"es\",\"@id\":\"https:\\\/\\\/hormonavida.com\\\/es\\\/#\\\/schema\\\/logo\\\/image\\\/\",\"url\":\"https:\\\/\\\/hormonavida.com\\\/wp-content\\\/uploads\\\/2024\\\/09\\\/Logo-Hormona-Vida.webp\",\"contentUrl\":\"https:\\\/\\\/hormonavida.com\\\/wp-content\\\/uploads\\\/2024\\\/09\\\/Logo-Hormona-Vida.webp\",\"width\":250,\"height\":91,\"caption\":\"Hormona Vida \u2013 Hormone Optimization, BHRT Therapy in Florida\"},\"image\":{\"@id\":\"https:\\\/\\\/hormonavida.com\\\/es\\\/#\\\/schema\\\/logo\\\/image\\\/\"},\"sameAs\":[\"https:\\\/\\\/www.facebook.com\\\/people\\\/Hormona-Vida\\\/61565322517754\\\/\",\"https:\\\/\\\/www.instagram.com\\\/hormonavida\\\/\"]},{\"@type\":\"Person\",\"@id\":\"https:\\\/\\\/hormonavida.com\\\/es\\\/#\\\/schema\\\/person\\\/4b1a53711ad33c17cde6eb690a0094fd\",\"name\":\"Admin\",\"image\":{\"@type\":\"ImageObject\",\"inLanguage\":\"es\",\"@id\":\"https:\\\/\\\/secure.gravatar.com\\\/avatar\\\/879d00825b6757660611eafcb2011cac1f44590fce41be7b43e2e4e9a08d2940?s=96&d=mm&r=g\",\"url\":\"https:\\\/\\\/secure.gravatar.com\\\/avatar\\\/879d00825b6757660611eafcb2011cac1f44590fce41be7b43e2e4e9a08d2940?s=96&d=mm&r=g\",\"contentUrl\":\"https:\\\/\\\/secure.gravatar.com\\\/avatar\\\/879d00825b6757660611eafcb2011cac1f44590fce41be7b43e2e4e9a08d2940?s=96&d=mm&r=g\",\"caption\":\"Admin\"},\"description\":\"Hormona Vida is an online clinic that helps women with problems related to menopause and all its ailments, to make women feel better.\",\"sameAs\":[\"http:\\\/\\\/hormonavida.com\"],\"url\":\"https:\\\/\\\/hormonavida.com\\\/es\\\/author\\\/americo\\\/\"}]}<\/script>\n<!-- \/ Yoast SEO plugin. -->","yoast_head_json":{"title":"Descargo de Responsabilidad | Hormona Vida","description":"Los contenidos de este sitio web, tales como textos, gr\u00e1ficos, im\u00e1genes y otros materiales contenidos en este sitio web tienen \u00fanicamente fines informativos.","robots":{"index":"index","follow":"follow","max-snippet":"max-snippet:-1","max-image-preview":"max-image-preview:large","max-video-preview":"max-video-preview:-1"},"canonical":"https:\/\/hormonavida.com\/es\/descargo-de-responsabilidad\/","og_locale":"es_ES","og_type":"article","og_title":"Descargo de Responsabilidad | Hormona Vida","og_description":"Los contenidos de este sitio web, tales como textos, gr\u00e1ficos, im\u00e1genes y otros materiales contenidos en este sitio web tienen \u00fanicamente fines informativos.","og_url":"https:\/\/hormonavida.com\/es\/descargo-de-responsabilidad\/","og_site_name":"Hormona Vida BHRT in Florida Hormone Optimization","article_publisher":"https:\/\/www.facebook.com\/people\/Hormona-Vida\/61565322517754\/","article_modified_time":"2025-02-10T17:21:02+00:00","twitter_card":"summary_large_image","twitter_misc":{"Tiempo de lectura":"2 minutos"},"schema":{"@context":"https:\/\/schema.org","@graph":[{"@type":"Article","@id":"https:\/\/hormonavida.com\/es\/descargo-de-responsabilidad\/#article","isPartOf":{"@id":"https:\/\/hormonavida.com\/es\/descargo-de-responsabilidad\/"},"author":{"name":"Admin","@id":"https:\/\/hormonavida.com\/es\/#\/schema\/person\/4b1a53711ad33c17cde6eb690a0094fd"},"headline":"Descargo de responsabilidad","datePublished":"2024-09-25T17:41:14+00:00","dateModified":"2025-02-10T17:21:02+00:00","mainEntityOfPage":{"@id":"https:\/\/hormonavida.com\/es\/descargo-de-responsabilidad\/"},"wordCount":277,"publisher":{"@id":"https:\/\/hormonavida.com\/es\/#organization"},"inLanguage":"es"},{"@type":"WebPage","@id":"https:\/\/hormonavida.com\/es\/descargo-de-responsabilidad\/","url":"https:\/\/hormonavida.com\/es\/descargo-de-responsabilidad\/","name":"Descargo de Responsabilidad | Hormona Vida","isPartOf":{"@id":"https:\/\/hormonavida.com\/es\/#website"},"datePublished":"2024-09-25T17:41:14+00:00","dateModified":"2025-02-10T17:21:02+00:00","description":"Los contenidos de este sitio web, tales como textos, gr\u00e1ficos, im\u00e1genes y otros materiales contenidos en este sitio web tienen \u00fanicamente fines informativos.","breadcrumb":{"@id":"https:\/\/hormonavida.com\/es\/descargo-de-responsabilidad\/#breadcrumb"},"inLanguage":"es","potentialAction":[{"@type":"ReadAction","target":["https:\/\/hormonavida.com\/es\/descargo-de-responsabilidad\/"]}]},{"@type":"BreadcrumbList","@id":"https:\/\/hormonavida.com\/es\/descargo-de-responsabilidad\/#breadcrumb","itemListElement":[{"@type":"ListItem","position":1,"name":"Home","item":"https:\/\/hormonavida.com\/es\/"},{"@type":"ListItem","position":2,"name":"Descargo de responsabilidad"}]},{"@type":"WebSite","@id":"https:\/\/hormonavida.com\/es\/#website","url":"https:\/\/hormonavida.com\/es\/","name":"Hormona Vida \u2013 Hormone Optimization, BHRT Therapy","description":"Hormona Vida &ndash; Hormone Optimization, BHRT Therapy","publisher":{"@id":"https:\/\/hormonavida.com\/es\/#organization"},"alternateName":"Hormona Vida \u2013 Hormone Optimization, BHRT Therapy","potentialAction":[{"@type":"SearchAction","target":{"@type":"EntryPoint","urlTemplate":"https:\/\/hormonavida.com\/es\/?s={search_term_string}"},"query-input":{"@type":"PropertyValueSpecification","valueRequired":true,"valueName":"search_term_string"}}],"inLanguage":"es"},{"@type":"Organization","@id":"https:\/\/hormonavida.com\/es\/#organization","name":"Hormona Vida \u2013 Hormone Optimization, BHRT Therapy in Florida","alternateName":"Hormona Vida \u2013 Hormone Optimization, BHRT Therapy in Florida","url":"https:\/\/hormonavida.com\/es\/","logo":{"@type":"ImageObject","inLanguage":"es","@id":"https:\/\/hormonavida.com\/es\/#\/schema\/logo\/image\/","url":"https:\/\/hormonavida.com\/wp-content\/uploads\/2024\/09\/Logo-Hormona-Vida.webp","contentUrl":"https:\/\/hormonavida.com\/wp-content\/uploads\/2024\/09\/Logo-Hormona-Vida.webp","width":250,"height":91,"caption":"Hormona Vida \u2013 Hormone Optimization, BHRT Therapy in Florida"},"image":{"@id":"https:\/\/hormonavida.com\/es\/#\/schema\/logo\/image\/"},"sameAs":["https:\/\/www.facebook.com\/people\/Hormona-Vida\/61565322517754\/","https:\/\/www.instagram.com\/hormonavida\/"]},{"@type":"Person","@id":"https:\/\/hormonavida.com\/es\/#\/schema\/person\/4b1a53711ad33c17cde6eb690a0094fd","name":"Admin","image":{"@type":"ImageObject","inLanguage":"es","@id":"https:\/\/secure.gravatar.com\/avatar\/879d00825b6757660611eafcb2011cac1f44590fce41be7b43e2e4e9a08d2940?s=96&d=mm&r=g","url":"https:\/\/secure.gravatar.com\/avatar\/879d00825b6757660611eafcb2011cac1f44590fce41be7b43e2e4e9a08d2940?s=96&d=mm&r=g","contentUrl":"https:\/\/secure.gravatar.com\/avatar\/879d00825b6757660611eafcb2011cac1f44590fce41be7b43e2e4e9a08d2940?s=96&d=mm&r=g","caption":"Admin"},"description":"Hormona Vida is an online clinic that helps women with problems related to menopause and all its ailments, to make women feel better.","sameAs":["http:\/\/hormonavida.com"],"url":"https:\/\/hormonavida.com\/es\/author\/americo\/"}]}},"_links":{"self":[{"href":"https:\/\/hormonavida.com\/es\/wp-json\/wp\/v2\/pages\/1993","targetHints":{"allow":["GET"]}}],"collection":[{"href":"https:\/\/hormonavida.com\/es\/wp-json\/wp\/v2\/pages"}],"about":[{"href":"https:\/\/hormonavida.com\/es\/wp-json\/wp\/v2\/types\/page"}],"author":[{"embeddable":true,"href":"https:\/\/hormonavida.com\/es\/wp-json\/wp\/v2\/users\/990002"}],"replies":[{"embeddable":true,"href":"https:\/\/hormonavida.com\/es\/wp-json\/wp\/v2\/comments?post=1993"}],"version-history":[{"count":2,"href":"https:\/\/hormonavida.com\/es\/wp-json\/wp\/v2\/pages\/1993\/revisions"}],"predecessor-version":[{"id":2102,"href":"https:\/\/hormonavida.com\/es\/wp-json\/wp\/v2\/pages\/1993\/revisions\/2102"}],"wp:attachment":[{"href":"https:\/\/hormonavida.com\/es\/wp-json\/wp\/v2\/media?parent=1993"}],"curies":[{"name":"wp","href":"https:\/\/api.w.org\/{rel}","templated":true}]}}